{"id":720,"date":"2024-05-31T13:57:05","date_gmt":"2024-05-31T13:57:05","guid":{"rendered":"https:\/\/etienneburger.ch\/contact\/"},"modified":"2025-11-01T14:08:05","modified_gmt":"2025-11-01T14:08:05","slug":"contact","status":"publish","type":"page","link":"https:\/\/etienneburger.ch\/fr\/contact\/","title":{"rendered":"Contact"},"content":{"rendered":"\n<div class=\"c-container c-text-only  wp-block-acf-content-wysiwyg\">\n    <div class=\"c-row\">\n        <div class=\"c-col-8 c-text-block\">\n            <h4>Carte d\u00e9dicac\u00e9e<\/h4>\n<p>Tu souhaites obtenir une carte d\u00e9dicac\u00e9e ? Envoie-moi une enveloppe affranchie et libell\u00e9e \u00e0 ton adresse \u00e0 l&rsquo;adresse suivante :<\/p>\n<p>Etienne Burger<br \/>\nFerme la Citerne 131<br \/>\n2534 Les Pr\u00e9s-d\u2019Orvin<\/p>\n<h4>Pour toutes autres demandes<\/h4>\n<p>Global Sport Management S\u00e0rl<br \/>\nPostgasse 1<br \/>\nCH-3272 Walperswil<\/p>\n<p><a href=\"mailto:gs@globalsport.management\">gs@globalsport.management<\/a><br \/>\n<a href=\"tel:+41 79 632 78 78\">+41 79 632 78 78<\/a><\/p>\n        <\/div>\n    <\/div>\n<\/div>","protected":false},"excerpt":{"rendered":"","protected":false},"author":2,"featured_media":0,"parent":0,"menu_order":0,"comment_status":"closed","ping_status":"closed","template":"","meta":{"_acf_changed":false,"footnotes":""},"class_list":["post-720","page","type-page","status-publish","hentry"],"acf":[],"_links":{"self":[{"href":"https:\/\/etienneburger.ch\/fr\/wp-json\/wp\/v2\/pages\/720","targetHints":{"allow":["GET"]}}],"collection":[{"href":"https:\/\/etienneburger.ch\/fr\/wp-json\/wp\/v2\/pages"}],"about":[{"href":"https:\/\/etienneburger.ch\/fr\/wp-json\/wp\/v2\/types\/page"}],"author":[{"embeddable":true,"href":"https:\/\/etienneburger.ch\/fr\/wp-json\/wp\/v2\/users\/2"}],"replies":[{"embeddable":true,"href":"https:\/\/etienneburger.ch\/fr\/wp-json\/wp\/v2\/comments?post=720"}],"version-history":[{"count":3,"href":"https:\/\/etienneburger.ch\/fr\/wp-json\/wp\/v2\/pages\/720\/revisions"}],"predecessor-version":[{"id":1212,"href":"https:\/\/etienneburger.ch\/fr\/wp-json\/wp\/v2\/pages\/720\/revisions\/1212"}],"wp:attachment":[{"href":"https:\/\/etienneburger.ch\/fr\/wp-json\/wp\/v2\/media?parent=720"}],"curies":[{"name":"wp","href":"https:\/\/api.w.org\/{rel}","templated":true}]}}