{"id":711,"date":"2024-04-22T10:06:11","date_gmt":"2024-04-22T10:06:11","guid":{"rendered":"https:\/\/etienneburger.ch\/sponsors\/"},"modified":"2026-04-08T06:29:11","modified_gmt":"2026-04-08T06:29:11","slug":"sponsors","status":"publish","type":"page","link":"https:\/\/etienneburger.ch\/fr\/sponsors\/","title":{"rendered":"Sponsors"},"content":{"rendered":"\n<div id=\"section_title-sponsors-principaux\" class=\"c-container c-section-title  wp-block-acf-section-title\">\n    <div class=\"c-row\">\n        <div class=\"c-col-8\">\n\t\t\t\t\t\t\t <h2>Sponsors principaux<\/h2>\t\t\t        <\/div>\n    <\/div>\n<\/div>\n\n\n<div class=\"c-container c-logowall  wp-block-acf-content-logowall\">\n    <ul class=\"c-logowall-list c-logowall-main-list\">\n\t\t\n<li aria-label=\"Schenker Storen AG\">\n    <figure class=\"c-logowall-logo\">\n\t\t            <a href=\"https:\/\/www.storen.ch\/\" target=\"_blank\">\n\t\t\t\t<img loading=\"lazy\" decoding=\"async\" width=\"1\" height=\"1\" src=\"https:\/\/etienneburger.ch\/wp-content\/uploads\/sites\/11\/2024\/04\/logo-sponsoren-schenker-storen.svg\" class=\"attachment-medium size-medium wp-post-image\" alt=\"Schenker Storen AG\" \/>            <\/a>\n\t\t    <\/figure>\n<\/li>\n    <\/ul>\n<\/div>\n\n\n<div id=\"section_title-sponsors\" class=\"c-container c-section-title  wp-block-acf-section-title\">\n    <div class=\"c-row\">\n        <div class=\"c-col-8\">\n\t\t\t\t\t\t\t <h2>Sponsors<\/h2>\t\t\t        <\/div>\n    <\/div>\n<\/div>\n\n\n<div class=\"c-container c-logowall  wp-block-acf-content-logowall\">\n    <ul class=\"c-logowall-list c-logowall-more-list\">\n\t\t\n<li aria-label=\"BEKB\">\n    <figure class=\"c-logowall-logo\">\n\t\t            <a href=\"https:\/\/www.bekb.ch\/\" target=\"_blank\">\n\t\t\t\t<img loading=\"lazy\" decoding=\"async\" width=\"600\" height=\"120\" src=\"https:\/\/etienneburger.ch\/wp-content\/uploads\/sites\/11\/2025\/03\/BEKB_4C_D.F-600x120.jpg\" class=\"attachment-medium size-medium wp-post-image\" alt=\"\" srcset=\"https:\/\/etienneburger.ch\/wp-content\/uploads\/sites\/11\/2025\/03\/BEKB_4C_D.F-600x120.jpg 600w, https:\/\/etienneburger.ch\/wp-content\/uploads\/sites\/11\/2025\/03\/BEKB_4C_D.F-1200x239.jpg 1200w, https:\/\/etienneburger.ch\/wp-content\/uploads\/sites\/11\/2025\/03\/BEKB_4C_D.F-768x153.jpg 768w, https:\/\/etienneburger.ch\/wp-content\/uploads\/sites\/11\/2025\/03\/BEKB_4C_D.F-1536x306.jpg 1536w, https:\/\/etienneburger.ch\/wp-content\/uploads\/sites\/11\/2025\/03\/BEKB_4C_D.F-2048x408.jpg 2048w\" sizes=\"auto, (max-width: 600px) 100vw, 600px\" \/>            <\/a>\n\t\t    <\/figure>\n<\/li>\n\n<li aria-label=\"Bigler\">\n    <figure class=\"c-logowall-logo\">\n\t\t            <a href=\"https:\/\/www.bigler.ch\/\" target=\"_blank\">\n\t\t\t\t<img loading=\"lazy\" decoding=\"async\" width=\"1\" height=\"1\" src=\"https:\/\/etienneburger.ch\/wp-content\/uploads\/sites\/11\/2024\/04\/logo-sponsoren-bigler.svg\" class=\"attachment-medium size-medium wp-post-image\" alt=\"Bigler\" \/>            <\/a>\n\t\t    <\/figure>\n<\/li>\n    <\/ul>\n<\/div>\n\n\n<div id=\"section_title-partenaires\" class=\"c-container c-section-title  wp-block-acf-section-title\">\n    <div class=\"c-row\">\n        <div class=\"c-col-8\">\n\t\t\t\t\t\t\t <h2>Partenaires<\/h2>\t\t\t        <\/div>\n    <\/div>\n<\/div>\n\n\n<div class=\"c-container c-logowall  wp-block-acf-content-logowall\">\n    <ul class=\"c-logowall-list c-logowall-more-list\">\n\t\t\n<li aria-label=\"Gottfried\">\n    <figure class=\"c-logowall-logo\">\n\t\t            <a href=\"https:\/\/gottfried.ch\/\" target=\"_blank\">\n\t\t\t\t<img loading=\"lazy\" decoding=\"async\" width=\"600\" height=\"400\" src=\"https:\/\/etienneburger.ch\/wp-content\/uploads\/sites\/11\/2025\/02\/logos-sponsoren-gottfried.png\" class=\"attachment-medium size-medium wp-post-image\" alt=\"Gottfried\" \/>            <\/a>\n\t\t    <\/figure>\n<\/li>\n\n<li aria-label=\"Restez calme\">\n    <figure class=\"c-logowall-logo\">\n\t\t            <a href=\"https:\/\/www.cool-tec.ch\/\" target=\"_blank\">\n\t\t\t\t<img loading=\"lazy\" decoding=\"async\" width=\"1\" height=\"1\" src=\"https:\/\/etienneburger.ch\/wp-content\/uploads\/sites\/11\/2024\/04\/logo-sponsoren-takeitcool-1.svg\" class=\"attachment-medium size-medium wp-post-image\" alt=\"Take it cool!\" \/>            <\/a>\n\t\t    <\/figure>\n<\/li>\n    <\/ul>\n<\/div>\n\n\n<div id=\"section_title-fournisseurs-de-service\" class=\"c-container c-section-title  wp-block-acf-section-title\">\n    <div class=\"c-row\">\n        <div class=\"c-col-8\">\n\t\t\t\t\t\t\t <h2>Fournisseurs de service<\/h2>\t\t\t        <\/div>\n    <\/div>\n<\/div>\n\n\n<div class=\"c-container c-logowall  wp-block-acf-content-logowall\">\n    <ul class=\"c-logowall-list c-logowall-more-list\">\n\t\t\n<li aria-label=\"Herm\u00e8s\">\n    <figure class=\"c-logowall-logo\">\n\t\t            <a href=\"https:\/\/www.hermes-lyss.ch\/\" target=\"_blank\">\n\t\t\t\t<img loading=\"lazy\" decoding=\"async\" width=\"1\" height=\"1\" src=\"https:\/\/etienneburger.ch\/wp-content\/uploads\/sites\/11\/2025\/02\/logo-sponsoren-hermes.svg\" class=\"attachment-medium size-medium wp-post-image\" alt=\"Hermes\" \/>            <\/a>\n\t\t    <\/figure>\n<\/li>\n\n<li aria-label=\"Cabinet dentaire Neil Stuck\">\n    <figure class=\"c-logowall-logo\">\n\t\t            <a href=\"https:\/\/zahnarzt-biel.ch\" target=\"_blank\">\n\t\t\t\t<img loading=\"lazy\" decoding=\"async\" width=\"600\" height=\"400\" src=\"https:\/\/etienneburger.ch\/wp-content\/uploads\/sites\/11\/2024\/04\/logos-sponsoren-zahnarztpraxis-stuck.png\" class=\"attachment-medium size-medium wp-post-image\" alt=\"Zahnarztpraxis Neil Stuck\" \/>            <\/a>\n\t\t    <\/figure>\n<\/li>\n\n<li aria-label=\"Adistribtion\">\n    <figure class=\"c-logowall-logo\">\n\t\t            <a href=\"https:\/\/adistribution.ch\" target=\"_blank\">\n\t\t\t\t<img loading=\"lazy\" decoding=\"async\" width=\"1\" height=\"1\" src=\"https:\/\/etienneburger.ch\/wp-content\/uploads\/sites\/11\/2024\/04\/logo-sponsoren-adistribution.svg\" class=\"attachment-medium size-medium wp-post-image\" alt=\"\" \/>            <\/a>\n\t\t    <\/figure>\n<\/li>\n\n<li aria-label=\"Intersport Wirth Granges\">\n    <figure class=\"c-logowall-logo\">\n\t\t            <a href=\"https:\/\/www.wirthsport.ch\" target=\"_blank\">\n\t\t\t\t<img loading=\"lazy\" decoding=\"async\" width=\"1\" height=\"1\" src=\"https:\/\/etienneburger.ch\/wp-content\/uploads\/sites\/11\/2024\/04\/logo-sponsoren-intersport-wirth.svg\" class=\"attachment-medium size-medium wp-post-image\" alt=\"Intersport Wirth Grenchen\" \/>            <\/a>\n\t\t    <\/figure>\n<\/li>\n\n<li aria-label=\"Neofluxe\">\n    <figure class=\"c-logowall-logo\">\n\t\t            <a href=\"https:\/\/www.neofluxe.com\/\" target=\"_blank\">\n\t\t\t\t<img loading=\"lazy\" decoding=\"async\" width=\"1\" height=\"1\" src=\"https:\/\/etienneburger.ch\/wp-content\/uploads\/sites\/11\/2024\/04\/logo-sponsoren-neofluxe.svg\" class=\"attachment-medium size-medium wp-post-image\" alt=\"Neofluxe\" \/>            <\/a>\n\t\t    <\/figure>\n<\/li>\n    <\/ul>\n<\/div>\n\n\n<div id=\"section_title-associations-et-f\u00e9d\u00e9rations\" class=\"c-container c-section-title  wp-block-acf-section-title\">\n    <div class=\"c-row\">\n        <div class=\"c-col-8\">\n\t\t\t\t\t\t\t <h2>Associations et f\u00e9d\u00e9rations<\/h2>\t\t\t        <\/div>\n    <\/div>\n<\/div>\n\n\n<div class=\"c-container c-logowall  wp-block-acf-content-logowall\">\n    <ul class=\"c-logowall-list c-logowall-more-list\">\n\t\t\n<li aria-label=\"Association de lutte suisse du Seeland\">\n    <figure class=\"c-logowall-logo\">\n\t\t            <a href=\"https:\/\/www.seel-schwingerverband.ch\/\" target=\"_blank\">\n\t\t\t\t<img loading=\"lazy\" decoding=\"async\" width=\"1\" height=\"1\" src=\"https:\/\/etienneburger.ch\/wp-content\/uploads\/sites\/11\/2024\/04\/logo-verband-seeland.svg\" class=\"attachment-medium size-medium wp-post-image\" alt=\"Seel\u00e4ndischer Schwingerverband\" \/>            <\/a>\n\t\t    <\/figure>\n<\/li>\n\n<li aria-label=\"ESV F\u00e9d\u00e9ration suisse de lutte\">\n    <figure class=\"c-logowall-logo\">\n\t\t            <a href=\"https:\/\/esv.ch\" target=\"_blank\">\n\t\t\t\t<img loading=\"lazy\" decoding=\"async\" width=\"1\" height=\"1\" src=\"https:\/\/etienneburger.ch\/wp-content\/uploads\/sites\/11\/2024\/04\/logo-verband-esv.svg\" class=\"attachment-medium size-medium wp-post-image\" alt=\"ESV Eidgen\u00f6ssicher Schwingerverband\" \/>            <\/a>\n\t\t    <\/figure>\n<\/li>\n\n<li aria-label=\"BKSV F\u00e9d\u00e9ration bernoise de lutte suisse\">\n    <figure class=\"c-logowall-logo\">\n\t\t            <a href=\"https:\/\/bksv.esv.ch\" target=\"_blank\">\n\t\t\t\t<img loading=\"lazy\" decoding=\"async\" width=\"1\" height=\"1\" src=\"https:\/\/etienneburger.ch\/wp-content\/uploads\/sites\/11\/2024\/04\/logo-verband-bksv.svg\" class=\"attachment-medium size-medium wp-post-image\" alt=\"BKSV Bernisch Kantonaler Schwingerverband\" \/>            <\/a>\n\t\t    <\/figure>\n<\/li>\n    <\/ul>\n<\/div>\n\n\n<div class=\"c-container c-text-only  wp-block-acf-content-wysiwyg\">\n    <div class=\"c-row\">\n        <div class=\"c-col-8 c-text-block\">\n            <h2>Chaque soutien compte !<\/h2>\n<p>Soutenez le d\u00e9veloppement de ma carri\u00e8re sportive ! En tant que sponsor, partenaire, prestataire de services ou donateur, vous avez la possibilit\u00e9 de pr\u00e9senter votre marque ou le logo de votre entreprise sur mon site web, tout en b\u00e9n\u00e9ficiant d&rsquo;autres avantages int\u00e9ressants.<\/p>\n<p>Je me r\u00e9jouis d&rsquo;avance d&rsquo;une collaboration fructueuse avec vous et votre entreprise. N&rsquo;h\u00e9sitez pas \u00e0 me contacter sans engagement !<\/p>\n        <\/div>\n    <\/div>\n<\/div>\n\n\n<div class=\"c-container c-contact  wp-block-acf-content-contact\">\n    <div class=\"c-contact-box\">\n\t\t            <h2>Contact<\/h2>\n\t\t\n        <div class=\"c-row\">\n\n            <div class=\"c-col-4 c-text-block\">\n                <h3 class=\"c-category-title\">Adresse<\/h3>\n\t\t\t\t                    <p>Global Sport Management GmbH<br>\nG\u00e9rard Scheidegger<br>\nPostgasse 1<br>\nCH-3272 Walperswil<br>\n<br>\n<a href=\"https:\/\/globalsport.management\/\" target=\"_blank\">www.globalsport.management<\/a><\/p>\n\t\t\t\t\t\t\t\t                    <p><a href=\"tel:+41 79 632 78 78\">+41 79 632 78 78<\/a><\/p>\n\t\t\t\t            <\/div>\n\n            <div class=\"c-col-4 c-text-block\">\n\t\t\t\t                    <h3 class=\"c-category-title\">E-mail<\/h3>\n                    <p><a href=\"mailto:gs@globalsport.management\">gs@globalsport.management<\/a><br><\/p>\n\t\t\t\t            <\/div>\n\n            <div class=\"c-col-4\">\n                <h3 class=\"c-category-title\">Suivez-moi<\/h3>\n\t\t\t\t<ul class=\"social-media c-social-list\"><li class='social-media__item'>\n                        <a href='https:\/\/www.instagram.com\/_etienne.burger_' target='_blank' class='social-media__item__link c-icon-social c-icon-social-instagram'>\n                            <span class='social-media__item__icon c-hide-visually'>instagram<\/span>\n                        <\/a>\n                    <\/li><\/ul>            <\/div>\n\n\t        \n        <\/div>\n\n    <\/div>\n<\/div>","protected":false},"excerpt":{"rendered":"","protected":false},"author":2,"featured_media":0,"parent":0,"menu_order":0,"comment_status":"closed","ping_status":"closed","template":"","meta":{"_acf_changed":false,"footnotes":""},"class_list":["post-711","page","type-page","status-publish","hentry"],"acf":[],"_links":{"self":[{"href":"https:\/\/etienneburger.ch\/fr\/wp-json\/wp\/v2\/pages\/711","targetHints":{"allow":["GET"]}}],"collection":[{"href":"https:\/\/etienneburger.ch\/fr\/wp-json\/wp\/v2\/pages"}],"about":[{"href":"https:\/\/etienneburger.ch\/fr\/wp-json\/wp\/v2\/types\/page"}],"author":[{"embeddable":true,"href":"https:\/\/etienneburger.ch\/fr\/wp-json\/wp\/v2\/users\/2"}],"replies":[{"embeddable":true,"href":"https:\/\/etienneburger.ch\/fr\/wp-json\/wp\/v2\/comments?post=711"}],"version-history":[{"count":5,"href":"https:\/\/etienneburger.ch\/fr\/wp-json\/wp\/v2\/pages\/711\/revisions"}],"predecessor-version":[{"id":1361,"href":"https:\/\/etienneburger.ch\/fr\/wp-json\/wp\/v2\/pages\/711\/revisions\/1361"}],"wp:attachment":[{"href":"https:\/\/etienneburger.ch\/fr\/wp-json\/wp\/v2\/media?parent=711"}],"curies":[{"name":"wp","href":"https:\/\/api.w.org\/{rel}","templated":true}]}}