{"id":708,"date":"2024-04-22T10:04:30","date_gmt":"2024-04-22T10:04:30","guid":{"rendered":"https:\/\/etienneburger.ch\/sport\/"},"modified":"2025-08-19T08:11:57","modified_gmt":"2025-08-19T08:11:57","slug":"sport","status":"publish","type":"page","link":"https:\/\/etienneburger.ch\/fr\/sport\/","title":{"rendered":"Sport"},"content":{"rendered":"\n<div class=\"c-container c-accordion c-accordion-contest  wp-block-acf-content-athlete-calendar\">\n    <div class=\"c-row\">\n        <div class=\"c-col-12\">\n\n\t\t\t                <div class=\"c-accordion-container\">\n                    <input class=\"c-accordion-check\" id=\"ac-2026-1\" name=\"accordion-ac-2026-1\" type=\"checkbox\" checked>\n                    <label class=\"c-accordion-title c-h3\" for=\"ac-2026-1\">2026<\/label>\n                    <div class=\"c-accordion-content\">\n                        <div class=\"c-accordion-inner c-text-block\">\n                            <div class=\"c-table-inner\">\n                                <table class=\"c-table-layout c-table-layout-contest\">\n                                    <style>\n                                        @media only screen and (max-width: 600px) {.c-table-layout-contest td:nth-of-type( 1 ):before {content: 'DATE';}.c-table-layout-contest td:nth-of-type( 2 ):before {content: 'F\u00caTE DE LUTTE';}.c-table-layout-contest td:nth-of-type( 3 ):before {content: 'LIEU';}.c-table-layout-contest td:nth-of-type( 4 ):before {content: 'CLASSEMENT';}.c-table-layout-contest td:nth-of-type( 5 ):before {content: 'POINTS';}}                                    <\/style>\n                                    <thead>\n\n                                    <tr>\n\t\t\t\t\t\t\t\t\t\t\t\t\t\t\t\t\t\t\t\t\t\t<th>DATE<\/th>\n\t\t\t\t\t\t\t\t\t\t\t\t\t\t\t\t\t\t\t\t\t\t\t<th>F\u00caTE DE LUTTE<\/th>\n\t\t\t\t\t\t\t\t\t\t\t\t\t\t\t\t\t\t\t\t\t\t\t<th>LIEU<\/th>\n\t\t\t\t\t\t\t\t\t\t\t\t\t\t\t\t\t\t\t\t\t\t\t<th>CLASSEMENT<\/th>\n\t\t\t\t\t\t\t\t\t\t\t\t\t\t\t\t\t\t\t\t\t\t\t<th>POINTS<\/th>\n\t\t\t\t\t\t\t\t\t\t\t                                    <\/tr>\n\n                                    <\/thead>\n                                    <tbody>\n\n\t\t\t\t\t\t\t\t\t\t\t\t\t\t\t\t\t\t\t                                        <tr class=\"\">\n\t\t\t\t\t\t\t\t\t\t\t\n\n<td class=\"\">28.02.2026<\/td>\n\n\n<td class=\"\">Hallenschwingfest (Regionalfest ohne Kranz)<\/td>\n\n\n<td class=\"\">B\u00fcren an der Aare<\/td>\n\n\n<td class=\"\">2<\/td>\n\n\n<td class=\"\">58.00<\/td>\n                                        <\/tr>\n\t\t\t\t\t\t\t\t\t\t\t\t\t\t\t\t\t\t\t                                        <tr class=\"\">\n\t\t\t\t\t\t\t\t\t\t\t\n\n<td class=\"\">21.03.2026<\/td>\n\n\n<td class=\"\">Abendschwinget (Regionalfest ohne Kranz)<\/td>\n\n\n<td class=\"\">Langenthal<\/td>\n\n\n<td class=\"\">6a<\/td>\n\n\n<td class=\"\">56.75<\/td>\n                                        <\/tr>\n\t\t\t\t\t\t\t\t\t\t\t\t\t\t\t\t\t\t\t                                        <tr class=\"\">\n\t\t\t\t\t\t\t\t\t\t\t\n\n<td class=\"\">06.04.2026<\/td>\n\n\n<td class=\"\">Fr\u00fchjahrschwinget (Regionalfest ohne Kranz)<\/td>\n\n\n<td class=\"\">Hemishofen<\/td>\n\n\n<td class=\"\">1<\/td>\n\n\n<td class=\"\">58.50<\/td>\n                                        <\/tr>\n\t\t\t\t\t\t\t\t\t\t\t\t\t\t\t\t\t\t\t                                        <tr class=\"\">\n\t\t\t\t\t\t\t\t\t\t\t\n\n<td class=\"\">11.04.2026<\/td>\n\n\n<td class=\"\">Fr\u00fchjahrschwinget (Regionalfest ohne Kranz)<\/td>\n\n\n<td class=\"\">Vinelz<\/td>\n\n\n<td class=\"\">4c<\/td>\n\n\n<td class=\"\">57.00<\/td>\n                                        <\/tr>\n\t\t\t\t\t\t\t\t\t\t\t\t\t\t\t\t\t\t\t                                        <tr class=\"\">\n\t\t\t\t\t\t\t\t\t\t\t\n\n<td class=\"\">03.05.2026<\/td>\n\n\n<td class=\"\">Emmentalisches Schwingfest<\/td>\n\n\n<td class=\"\">Oberdiessbach<\/td>\n\n\n<td class=\"\">&nbsp;<\/td>\n\n\n<td class=\"\">&nbsp;<\/td>\n                                        <\/tr>\n\t\t\t\t\t\t\t\t\t\t\t\t\t\t\t\t\t\t\t                                        <tr class=\"\">\n\t\t\t\t\t\t\t\t\t\t\t\n\n<td class=\"\">16.05.2026<\/td>\n\n\n<td class=\"\">Seel\u00e4ndisches Schwingfest<\/td>\n\n\n<td class=\"\">Ipsach<\/td>\n\n\n<td class=\"\">&nbsp;<\/td>\n\n\n<td class=\"\">&nbsp;<\/td>\n                                        <\/tr>\n\t\t\t\t\t\t\t\t\t\t\t\t\t\t\t\t\t\t\t                                        <tr class=\"\">\n\t\t\t\t\t\t\t\t\t\t\t\n\n<td class=\"\">14.06.2026<\/td>\n\n\n<td class=\"\">Oberl\u00e4ndisches Schwingfest<\/td>\n\n\n<td class=\"\">Gstaad<\/td>\n\n\n<td class=\"\">&nbsp;<\/td>\n\n\n<td class=\"\">&nbsp;<\/td>\n                                        <\/tr>\n\t\t\t\t\t\t\t\t\t\t\t\t\t\t\t\t\t\t\t                                        <tr class=\"\">\n\t\t\t\t\t\t\t\t\t\t\t\n\n<td class=\"\">21.06.2026<\/td>\n\n\n<td class=\"\">Bergschwinget Schwarzsee<\/td>\n\n\n<td class=\"\">Lac Noir<\/td>\n\n\n<td class=\"\">&nbsp;<\/td>\n\n\n<td class=\"\">&nbsp;<\/td>\n                                        <\/tr>\n\t\t\t\t\t\t\t\t\t\t\t\t\t\t\t\t\t\t\t                                        <tr class=\"\">\n\t\t\t\t\t\t\t\t\t\t\t\n\n<td class=\"\">05.07.2026<\/td>\n\n\n<td class=\"\">Bernisch-Kantonales Schwingfest<\/td>\n\n\n<td class=\"\">Bern<\/td>\n\n\n<td class=\"\">&nbsp;<\/td>\n\n\n<td class=\"\">&nbsp;<\/td>\n                                        <\/tr>\n\t\t\t\t\t\t\t\t\t\t\t\t\t\t\t\t\t\t\t                                        <tr class=\"\">\n\t\t\t\t\t\t\t\t\t\t\t\n\n<td class=\"\">19.07.2026<\/td>\n\n\n<td class=\"\">Rigi Schwingfest<\/td>\n\n\n<td class=\"\">Rigi Staffel<\/td>\n\n\n<td class=\"\">&nbsp;<\/td>\n\n\n<td class=\"\">&nbsp;<\/td>\n                                        <\/tr>\n\t\t\t\t\t\t\t\t\t\t\t\t\t\t\t\t\t\t\t                                        <tr class=\"\">\n\t\t\t\t\t\t\t\t\t\t\t\n\n<td class=\"\">26.07.2026<\/td>\n\n\n<td class=\"\">Br\u00fcnigschwinget<\/td>\n\n\n<td class=\"\">Br\u00fcnig Passh\u00f6he<\/td>\n\n\n<td class=\"\">&nbsp;<\/td>\n\n\n<td class=\"\">&nbsp;<\/td>\n                                        <\/tr>\n\t\t\t\t\t\t\t\t\t\t\t\t\t\t\t\t\t\t\t                                        <tr class=\"\">\n\t\t\t\t\t\t\t\t\t\t\t\n\n<td class=\"\">09.08.2026<\/td>\n\n\n<td class=\"\">F\u00eate de lutte du Jura bernois<\/td>\n\n\n<td class=\"\">Montoz<\/td>\n\n\n<td class=\"\">&nbsp;<\/td>\n\n\n<td class=\"\">&nbsp;<\/td>\n                                        <\/tr>\n\t\t\t\t\t\t\t\t\t\t\t\t\t\t\t\t\t\t\t                                        <tr class=\"\">\n\t\t\t\t\t\t\t\t\t\t\t\n\n<td class=\"\">05.09.2026<\/td>\n\n\n<td class=\"\">Kilchberger-Schwinget (sous r\u00e9serve de qualification)<\/td>\n\n\n<td class=\"\">Kilchberg<\/td>\n\n\n<td class=\"\">&nbsp;<\/td>\n\n\n<td class=\"\">&nbsp;<\/td>\n                                        <\/tr>\n\t\t\t\t\t\t\t\t\t\n                                    <\/tbody>\n                                <\/table>\n                            <\/div>\n                        <\/div>\n                    <\/div>\n                <\/div>\n\t\t\t                <div class=\"c-accordion-container\">\n                    <input class=\"c-accordion-check\" id=\"ac-2025-2\" name=\"accordion-ac-2025-2\" type=\"checkbox\" >\n                    <label class=\"c-accordion-title c-h3\" for=\"ac-2025-2\">2025<\/label>\n                    <div class=\"c-accordion-content\">\n                        <div class=\"c-accordion-inner c-text-block\">\n                            <div class=\"c-table-inner\">\n                                <table class=\"c-table-layout c-table-layout-contest\">\n                                    <style>\n                                        @media only screen and (max-width: 600px) {.c-table-layout-contest td:nth-of-type( 1 ):before {content: 'DATE';}.c-table-layout-contest td:nth-of-type( 2 ):before {content: 'F\u00caTE DE LUTTE';}.c-table-layout-contest td:nth-of-type( 3 ):before {content: 'LIEU';}.c-table-layout-contest td:nth-of-type( 4 ):before {content: 'CLASSEMENT';}.c-table-layout-contest td:nth-of-type( 5 ):before {content: 'POINTS';}}                                    <\/style>\n                                    <thead>\n\n                                    <tr>\n\t\t\t\t\t\t\t\t\t\t\t\t\t\t\t\t\t\t\t\t\t\t<th>DATE<\/th>\n\t\t\t\t\t\t\t\t\t\t\t\t\t\t\t\t\t\t\t\t\t\t\t<th>F\u00caTE DE LUTTE<\/th>\n\t\t\t\t\t\t\t\t\t\t\t\t\t\t\t\t\t\t\t\t\t\t\t<th>LIEU<\/th>\n\t\t\t\t\t\t\t\t\t\t\t\t\t\t\t\t\t\t\t\t\t\t\t<th>CLASSEMENT<\/th>\n\t\t\t\t\t\t\t\t\t\t\t\t\t\t\t\t\t\t\t\t\t\t\t<th>POINTS<\/th>\n\t\t\t\t\t\t\t\t\t\t\t                                    <\/tr>\n\n                                    <\/thead>\n                                    <tbody>\n\n\t\t\t\t\t\t\t\t\t\t\t\t\t\t\t\t\t\t\t                                        <tr class=\"\">\n\t\t\t\t\t\t\t\t\t\t\t\n\n<td class=\"\">03.05.2025<\/td>\n\n\n<td class=\"\">F\u00eate de lutte printani\u00e8re (f\u00eate r\u00e9gionale sans remise de couronne)<\/td>\n\n\n<td class=\"\">Vinelz<\/td>\n\n\n<td class=\"\">6<\/td>\n\n\n<td class=\"\">56.50<\/td>\n                                        <\/tr>\n\t\t\t\t\t\t\t\t\t\t\t\t\t\t\t\t\t\t\t                                        <tr class=\"\">\n\t\t\t\t\t\t\t\t\t\t\t\n\n<td class=\"\">25.05.2025<\/td>\n\n\n<td class=\"\">F\u00eate de lutte suisse du Seeland<\/td>\n\n\n<td class=\"\">Detligen<\/td>\n\n\n<td class=\"\"><span class=\"c-icon c-icon-wreath\"><span class=\"c-hide-visually\">Kranz<\/span><\/span>5d<\/td>\n\n\n<td class=\"\">57.00<\/td>\n                                        <\/tr>\n\t\t\t\t\t\t\t\t\t\t\t\t\t\t\t\t\t\t\t                                        <tr class=\"\">\n\t\t\t\t\t\t\t\t\t\t\t\n\n<td class=\"\">31.05.2025<\/td>\n\n\n<td class=\"\">F\u00eate de lutte du Mittelland<\/td>\n\n\n<td class=\"\">Uetendorf<\/td>\n\n\n<td class=\"\">8d<\/td>\n\n\n<td class=\"\">56.00<\/td>\n                                        <\/tr>\n\t\t\t\t\t\t\t\t\t\t\t\t\t\t\t\t\t\t\t                                        <tr class=\"\">\n\t\t\t\t\t\t\t\t\t\t\t\n\n<td class=\"\">15.06.2025<\/td>\n\n\n<td class=\"\">F\u00eate de lutte du Jura bernois<\/td>\n\n\n<td class=\"\">Nods<\/td>\n\n\n<td class=\"\"><span class=\"c-icon c-icon-wreath\"><span class=\"c-hide-visually\">Kranz<\/span><\/span>4b<\/td>\n\n\n<td class=\"\">57.00<\/td>\n                                        <\/tr>\n\t\t\t\t\t\t\t\t\t\t\t\t\t\t\t\t\t\t\t                                        <tr class=\"\">\n\t\t\t\t\t\t\t\t\t\t\t\n\n<td class=\"\">22.06.2025<\/td>\n\n\n<td class=\"\">F\u00eate alpestre Lac Noir<\/td>\n\n\n<td class=\"\">Lac Noir<\/td>\n\n\n<td class=\"\">10e<\/td>\n\n\n<td class=\"\">55.75<\/td>\n                                        <\/tr>\n\t\t\t\t\t\t\t\t\t\t\t\t\t\t\t\t\t\t\t                                        <tr class=\"\">\n\t\t\t\t\t\t\t\t\t\t\t\n\n<td class=\"\">29.06.2025<\/td>\n\n\n<td class=\"\">F\u00eate de lutte suisse du nord-est de la Suisse &#8211; NOS<\/td>\n\n\n<td class=\"\">Saint-Gall<\/td>\n\n\n<td class=\"\"><span class=\"c-icon c-icon-wreath\"><span class=\"c-hide-visually\">Kranz<\/span><\/span>7d<\/td>\n\n\n<td class=\"\">56.25<\/td>\n                                        <\/tr>\n\t\t\t\t\t\t\t\t\t\t\t\t\t\t\t\t\t\t\t                                        <tr class=\"\">\n\t\t\t\t\t\t\t\t\t\t\t\n\n<td class=\"\">13.07.2025<\/td>\n\n\n<td class=\"\">F\u00eate cantonale d&rsquo;Appenzell<\/td>\n\n\n<td class=\"\">Gais<\/td>\n\n\n<td class=\"\">8e<\/td>\n\n\n<td class=\"\">56.25<\/td>\n                                        <\/tr>\n\t\t\t\t\t\t\t\t\t\t\t\t\t\t\t\t\t\t\t                                        <tr class=\"\">\n\t\t\t\t\t\t\t\t\t\t\t\n\n<td class=\"\">27.07.2025<\/td>\n\n\n<td class=\"\">F\u00eate de lutte du Br\u00fcnig<\/td>\n\n\n<td class=\"\">Br\u00fcnig Passh\u00f6he<\/td>\n\n\n<td class=\"\"><span class=\"c-icon c-icon-wreath\"><span class=\"c-hide-visually\">Kranz<\/span><\/span>4b<\/td>\n\n\n<td class=\"\">57.00<\/td>\n                                        <\/tr>\n\t\t\t\t\t\t\t\t\t\t\t\t\t\t\t\t\t\t\t                                        <tr class=\"\">\n\t\t\t\t\t\t\t\t\t\t\t\n\n<td class=\"\">30.\u201331.08.2025<\/td>\n\n\n<td class=\"\">F\u00eate f\u00e9d\u00e9rale de lutte et des jeux alpestres<\/td>\n\n\n<td class=\"\">Mollis<\/td>\n\n\n<td class=\"\"><span class=\"c-icon c-icon-wreath-eidg\"><span class=\"c-hide-visually\">Kranz eidg.<\/span><\/span>7e<\/td>\n\n\n<td class=\"\">75.25<\/td>\n                                        <\/tr>\n\t\t\t\t\t\t\t\t\t\n                                    <\/tbody>\n                                <\/table>\n                            <\/div>\n                        <\/div>\n                    <\/div>\n                <\/div>\n\t\t\t                <div class=\"c-accordion-container\">\n                    <input class=\"c-accordion-check\" id=\"ac-2024-3\" name=\"accordion-ac-2024-3\" type=\"checkbox\" >\n                    <label class=\"c-accordion-title c-h3\" for=\"ac-2024-3\">2024<\/label>\n                    <div class=\"c-accordion-content\">\n                        <div class=\"c-accordion-inner c-text-block\">\n                            <div class=\"c-table-inner\">\n                                <table class=\"c-table-layout c-table-layout-contest\">\n                                    <style>\n                                        @media only screen and (max-width: 600px) {.c-table-layout-contest td:nth-of-type( 1 ):before {content: 'DATE';}.c-table-layout-contest td:nth-of-type( 2 ):before {content: 'F\u00caTE DE LUTTE';}.c-table-layout-contest td:nth-of-type( 3 ):before {content: 'LIEU';}.c-table-layout-contest td:nth-of-type( 4 ):before {content: 'CLASSEMENT';}.c-table-layout-contest td:nth-of-type( 5 ):before {content: 'POINTS';}}                                    <\/style>\n                                    <thead>\n\n                                    <tr>\n\t\t\t\t\t\t\t\t\t\t\t\t\t\t\t\t\t\t\t\t\t\t<th>DATE<\/th>\n\t\t\t\t\t\t\t\t\t\t\t\t\t\t\t\t\t\t\t\t\t\t\t<th>F\u00caTE DE LUTTE<\/th>\n\t\t\t\t\t\t\t\t\t\t\t\t\t\t\t\t\t\t\t\t\t\t\t<th>LIEU<\/th>\n\t\t\t\t\t\t\t\t\t\t\t\t\t\t\t\t\t\t\t\t\t\t\t<th>CLASSEMENT<\/th>\n\t\t\t\t\t\t\t\t\t\t\t\t\t\t\t\t\t\t\t\t\t\t\t<th>POINTS<\/th>\n\t\t\t\t\t\t\t\t\t\t\t                                    <\/tr>\n\n                                    <\/thead>\n                                    <tbody>\n\n\t\t\t\t\t\t\t\t\t\t\t\t\t\t\t\t\t\t\t                                        <tr class=\"\">\n\t\t\t\t\t\t\t\t\t\t\t\n\n<td class=\"\">18.05.2024<\/td>\n\n\n<td class=\"\"><a href=\"https:\/\/esv.ch\/ranglisten\/?anlass=6235\" target=\"_blank\">F\u00eate Cantonale Neuch\u00e2teloise<\/a><\/td>\n\n\n<td class=\"\">Dombresson<\/td>\n\n\n<td class=\"\"><span class=\"c-icon c-icon-wreath\"><span class=\"c-hide-visually\">Kranz<\/span><\/span>4a<\/td>\n\n\n<td class=\"\">57.25<\/td>\n                                        <\/tr>\n\t\t\t\t\t\t\t\t\t\t\t\t\t\t\t\t\t\t\t                                        <tr class=\"\">\n\t\t\t\t\t\t\t\t\t\t\t\n\n<td class=\"\">25.05.2024<\/td>\n\n\n<td class=\"\"><a href=\"https:\/\/esv.ch\/ranglisten\/?anlass=5951\" target=\"_blank\">F\u00eate de lutte suisse de l\u2019Oberland bernois<\/a><\/td>\n\n\n<td class=\"\">Brienz<\/td>\n\n\n<td class=\"\">12a<\/td>\n\n\n<td class=\"\">55.75<\/td>\n                                        <\/tr>\n\t\t\t\t\t\t\t\t\t\t\t\t\t\t\t\t\t\t\t                                        <tr class=\"\">\n\t\t\t\t\t\t\t\t\t\t\t\n\n<td class=\"\">16.06.2024<\/td>\n\n\n<td class=\"\"><a href=\"https:\/\/esv.ch\/ranglisten\/?anlass=5331\" target=\"_blank\">F\u00eate de lutte suisse du Seeland<\/a><\/td>\n\n\n<td class=\"\">T\u00e4uffelen<\/td>\n\n\n<td class=\"\">10b<\/td>\n\n\n<td class=\"\">55.50<\/td>\n                                        <\/tr>\n\t\t\t\t\t\t\t\t\t\t\t\t\t\t\t\t\t\t\t                                        <tr class=\"\">\n\t\t\t\t\t\t\t\t\t\t\t\n\n<td class=\"\">23.06.2024<\/td>\n\n\n<td class=\"\"><a href=\"https:\/\/esv.ch\/ranglisten\/?anlass=4104\" target=\"_blank\">Bergschwinget Schwarzsee<\/a><\/td>\n\n\n<td class=\"\">Schwarzsee  <\/td>\n\n\n<td class=\"\"><span class=\"c-icon c-icon-wreath\"><span class=\"c-hide-visually\">Kranz<\/span><\/span>6b<\/td>\n\n\n<td class=\"\">57.00<\/td>\n                                        <\/tr>\n\t\t\t\t\t\t\t\t\t\t\t\t\t\t\t\t\t\t\t                                        <tr class=\"\">\n\t\t\t\t\t\t\t\t\t\t\t\n\n<td class=\"\">30.06.2024<\/td>\n\n\n<td class=\"\"><a href=\"https:\/\/esv.ch\/ranglisten\/?anlass=6027\" target=\"_blank\">F\u00eate de lutte suisse du Jura bernois<\/a><\/td>\n\n\n<td class=\"\">Raimeux<\/td>\n\n\n<td class=\"\"><span class=\"c-icon c-icon-wreath\"><span class=\"c-hide-visually\">Kranz<\/span><\/span>4b<\/td>\n\n\n<td class=\"\">57.00<\/td>\n                                        <\/tr>\n\t\t\t\t\t\t\t\t\t\t\t\t\t\t\t\t\t\t\t                                        <tr class=\"\">\n\t\t\t\t\t\t\t\t\t\t\t\n\n<td class=\"\">28.07.2024<\/td>\n\n\n<td class=\"\"><a href=\"https:\/\/esv.ch\/ranglisten\/?anlass=4945\" target=\"_blank\">Br\u00fcnigschwinget<\/a><\/td>\n\n\n<td class=\"\">Br\u00fcnig Passh\u00f6he<\/td>\n\n\n<td class=\"\"><span class=\"c-icon c-icon-wreath\"><span class=\"c-hide-visually\">Kranz<\/span><\/span>4b<\/td>\n\n\n<td class=\"\">56.75<\/td>\n                                        <\/tr>\n\t\t\t\t\t\t\t\t\t\t\t\t\t\t\t\t\t\t\t                                        <tr class=\"\">\n\t\t\t\t\t\t\t\t\t\t\t\n\n<td class=\"\">01.08.2024<\/td>\n\n\n<td class=\"\"><a href=\"https:\/\/esv.ch\/ranglisten\/?anlass=5002\" target=\"_blank\">F\u00eate de lutte suisse de l\u2019Oberaargau<\/a><\/td>\n\n\n<td class=\"\">Burgdorf<\/td>\n\n\n<td class=\"\">13e<\/td>\n\n\n<td class=\"\">55.00<\/td>\n                                        <\/tr>\n\t\t\t\t\t\t\t\t\t\t\t\t\t\t\t\t\t\t\t                                        <tr class=\"\">\n\t\t\t\t\t\t\t\t\t\t\t\n\n<td class=\"\">11.08.2024<\/td>\n\n\n<td class=\"\"><a href=\"https:\/\/esv.ch\/ranglisten\/?anlass=3707\" target=\"_blank\">F\u00eate cantonale bernoise de lutte suisse<\/a><\/td>\n\n\n<td class=\"\">Burgdorf<\/td>\n\n\n<td class=\"\">12a<\/td>\n\n\n<td class=\"\">55.50<\/td>\n                                        <\/tr>\n\t\t\t\t\t\t\t\t\t\t\t\t\t\t\t\t\t\t\t                                        <tr class=\"\">\n\t\t\t\t\t\t\t\t\t\t\t\n\n<td class=\"\">18.08.2024<\/td>\n\n\n<td class=\"\"><a href=\"https:\/\/esv.ch\/ranglisten\/?anlass=3692\" target=\"_blank\">Schw\u00e4galp-Schwinget<\/a><\/td>\n\n\n<td class=\"\">Schw\u00e4galp<\/td>\n\n\n<td class=\"\">11a<\/td>\n\n\n<td class=\"\">54.75<\/td>\n                                        <\/tr>\n\t\t\t\t\t\t\t\t\t\t\t\t\t\t\t\t\t\t\t                                        <tr class=\"\">\n\t\t\t\t\t\t\t\t\t\t\t\n\n<td class=\"\">08.09.2024<\/td>\n\n\n<td class=\"\"><a href=\"https:\/\/esv.ch\/ranglisten\/?anlass=5633\" target=\"_blank\">F\u00eate de lutte anniversaire 125 ans ESV<\/a><\/td>\n\n\n<td class=\"\">Appenzell<\/td>\n\n\n<td class=\"\">13e<\/td>\n\n\n<td class=\"\">54.25<\/td>\n                                        <\/tr>\n\t\t\t\t\t\t\t\t\t\n                                    <\/tbody>\n                                <\/table>\n                            <\/div>\n                        <\/div>\n                    <\/div>\n                <\/div>\n\t\t\t                <div class=\"c-accordion-container\">\n                    <input class=\"c-accordion-check\" id=\"ac-2023-4\" name=\"accordion-ac-2023-4\" type=\"checkbox\" >\n                    <label class=\"c-accordion-title c-h3\" for=\"ac-2023-4\">2023<\/label>\n                    <div class=\"c-accordion-content\">\n                        <div class=\"c-accordion-inner c-text-block\">\n                            <div class=\"c-table-inner\">\n                                <table class=\"c-table-layout c-table-layout-contest\">\n                                    <style>\n                                        @media only screen and (max-width: 600px) {.c-table-layout-contest td:nth-of-type( 1 ):before {content: 'DATE';}.c-table-layout-contest td:nth-of-type( 2 ):before {content: 'F\u00caTE DE LUTTE';}.c-table-layout-contest td:nth-of-type( 3 ):before {content: 'LIEU';}.c-table-layout-contest td:nth-of-type( 4 ):before {content: 'CLASSEMENT';}.c-table-layout-contest td:nth-of-type( 5 ):before {content: 'POINTS';}}                                    <\/style>\n                                    <thead>\n\n                                    <tr>\n\t\t\t\t\t\t\t\t\t\t\t\t\t\t\t\t\t\t\t\t\t\t<th>DATE<\/th>\n\t\t\t\t\t\t\t\t\t\t\t\t\t\t\t\t\t\t\t\t\t\t\t<th>F\u00caTE DE LUTTE<\/th>\n\t\t\t\t\t\t\t\t\t\t\t\t\t\t\t\t\t\t\t\t\t\t\t<th>LIEU<\/th>\n\t\t\t\t\t\t\t\t\t\t\t\t\t\t\t\t\t\t\t\t\t\t\t<th>CLASSEMENT<\/th>\n\t\t\t\t\t\t\t\t\t\t\t\t\t\t\t\t\t\t\t\t\t\t\t<th>POINTS<\/th>\n\t\t\t\t\t\t\t\t\t\t\t                                    <\/tr>\n\n                                    <\/thead>\n                                    <tbody>\n\n\t\t\t\t\t\t\t\t\t\t\t\t\t\t\t\t\t\t\t                                        <tr class=\"\">\n\t\t\t\t\t\t\t\t\t\t\t\n\n<td class=\"\">24.04.2023<\/td>\n\n\n<td class=\"\"><a href=\"https:\/\/esv.ch\/ranglisten\/?anlass=5324\" target=\"_blank\">F\u00eate suisse centrale de lutte<\/a><\/td>\n\n\n<td class=\"\">Frauenkappelen<\/td>\n\n\n<td class=\"\"><span class=\"c-icon c-icon-wreath\"><span class=\"c-hide-visually\">Kranz<\/span><\/span>8b<\/td>\n\n\n<td class=\"\">56.00<\/td>\n                                        <\/tr>\n\t\t\t\t\t\t\t\t\t\t\t\t\t\t\t\t\t\t\t                                        <tr class=\"\">\n\t\t\t\t\t\t\t\t\t\t\t\n\n<td class=\"\">11.06.2023<\/td>\n\n\n<td class=\"\"><a href=\"https:\/\/esv.ch\/ranglisten\/?anlass=5866\" target=\"_blank\">F\u00eate de lutte suisse du Seeland<\/a><\/td>\n\n\n<td class=\"\">Lyss<\/td>\n\n\n<td class=\"\"><span class=\"c-icon c-icon-wreath\"><span class=\"c-hide-visually\">Kranz<\/span><\/span>5c<\/td>\n\n\n<td class=\"\">57.00<\/td>\n                                        <\/tr>\n\t\t\t\t\t\t\t\t\t\n                                    <\/tbody>\n                                <\/table>\n                            <\/div>\n                        <\/div>\n                    <\/div>\n                <\/div>\n\t\t\t                <div class=\"c-accordion-container\">\n                    <input class=\"c-accordion-check\" id=\"ac-2022-5\" name=\"accordion-ac-2022-5\" type=\"checkbox\" >\n                    <label class=\"c-accordion-title c-h3\" for=\"ac-2022-5\">2022<\/label>\n                    <div class=\"c-accordion-content\">\n                        <div class=\"c-accordion-inner c-text-block\">\n                            <div class=\"c-table-inner\">\n                                <table class=\"c-table-layout c-table-layout-contest\">\n                                    <style>\n                                        @media only screen and (max-width: 600px) {.c-table-layout-contest td:nth-of-type( 1 ):before {content: 'DATE';}.c-table-layout-contest td:nth-of-type( 2 ):before {content: 'F\u00caTE DE LUTTE';}.c-table-layout-contest td:nth-of-type( 3 ):before {content: 'LIEU';}.c-table-layout-contest td:nth-of-type( 4 ):before {content: 'CLASSEMENT';}.c-table-layout-contest td:nth-of-type( 5 ):before {content: 'POINTS';}}                                    <\/style>\n                                    <thead>\n\n                                    <tr>\n\t\t\t\t\t\t\t\t\t\t\t\t\t\t\t\t\t\t\t\t\t\t<th>DATE<\/th>\n\t\t\t\t\t\t\t\t\t\t\t\t\t\t\t\t\t\t\t\t\t\t\t<th>F\u00caTE DE LUTTE<\/th>\n\t\t\t\t\t\t\t\t\t\t\t\t\t\t\t\t\t\t\t\t\t\t\t<th>LIEU<\/th>\n\t\t\t\t\t\t\t\t\t\t\t\t\t\t\t\t\t\t\t\t\t\t\t<th>CLASSEMENT<\/th>\n\t\t\t\t\t\t\t\t\t\t\t\t\t\t\t\t\t\t\t\t\t\t\t<th>POINTS<\/th>\n\t\t\t\t\t\t\t\t\t\t\t                                    <\/tr>\n\n                                    <\/thead>\n                                    <tbody>\n\n\t\t\t\t\t\t\t\t\t\t\t\t\t\t\t\t\t\t\t                                        <tr class=\"\">\n\t\t\t\t\t\t\t\t\t\t\t\n\n<td class=\"\">15.05.2022<\/td>\n\n\n<td class=\"\"><a href=\"https:\/\/esv.ch\/ranglisten\/?anlass=5126\" target=\"_blank\">F\u00eate de lutte suisse du Seeland<\/a><\/td>\n\n\n<td class=\"\">Oberwil bei B\u00fcren<\/td>\n\n\n<td class=\"\"><span class=\"c-icon c-icon-wreath\"><span class=\"c-hide-visually\">Kranz<\/span><\/span>4e<\/td>\n\n\n<td class=\"\">56.75<\/td>\n                                        <\/tr>\n\t\t\t\t\t\t\t\t\t\n                                    <\/tbody>\n                                <\/table>\n                            <\/div>\n                        <\/div>\n                    <\/div>\n                <\/div>\n\t\t\t\n        <\/div>\n    <\/div>\n<\/div>","protected":false},"excerpt":{"rendered":"","protected":false},"author":2,"featured_media":0,"parent":0,"menu_order":0,"comment_status":"closed","ping_status":"closed","template":"","meta":{"_acf_changed":false,"footnotes":""},"class_list":["post-708","page","type-page","status-publish","hentry"],"acf":[],"_links":{"self":[{"href":"https:\/\/etienneburger.ch\/fr\/wp-json\/wp\/v2\/pages\/708","targetHints":{"allow":["GET"]}}],"collection":[{"href":"https:\/\/etienneburger.ch\/fr\/wp-json\/wp\/v2\/pages"}],"about":[{"href":"https:\/\/etienneburger.ch\/fr\/wp-json\/wp\/v2\/types\/page"}],"author":[{"embeddable":true,"href":"https:\/\/etienneburger.ch\/fr\/wp-json\/wp\/v2\/users\/2"}],"replies":[{"embeddable":true,"href":"https:\/\/etienneburger.ch\/fr\/wp-json\/wp\/v2\/comments?post=708"}],"version-history":[{"count":1,"href":"https:\/\/etienneburger.ch\/fr\/wp-json\/wp\/v2\/pages\/708\/revisions"}],"predecessor-version":[{"id":710,"href":"https:\/\/etienneburger.ch\/fr\/wp-json\/wp\/v2\/pages\/708\/revisions\/710"}],"wp:attachment":[{"href":"https:\/\/etienneburger.ch\/fr\/wp-json\/wp\/v2\/media?parent=708"}],"curies":[{"name":"wp","href":"https:\/\/api.w.org\/{rel}","templated":true}]}}