{"id":1106,"date":"2024-04-22T09:58:04","date_gmt":"2024-04-22T09:58:04","guid":{"rendered":"https:\/\/etienneburger.ch\/etienne\/"},"modified":"2026-04-20T06:52:36","modified_gmt":"2026-04-20T06:52:36","slug":"etienne","status":"publish","type":"page","link":"https:\/\/etienneburger.ch\/fr\/etienne\/","title":{"rendered":"Etienne"},"content":{"rendered":"\n<div id=\"section_title-portrait\" class=\"c-container c-section-title  wp-block-acf-section-title\">\n    <div class=\"c-row\">\n        <div class=\"c-col-8\">\n\t\t\t\t\t\t\t <h2>Portrait<\/h2>\t\t\t        <\/div>\n    <\/div>\n<\/div>\n\n\n<div class=\"c-container c-profile\">\n    <div class=\"c-row\">\n\t\t            <div class=\"c-col-4 c-text-block c-text-small\">\n\t\t\t\t                <dl class=\"c-profile-list\">\n\t\t\t\t\t\t\t\t\t\t\t                            <dt>Lieu de r\u00e9sidence<\/dt>\n\t\t\t\t\t\t\n\t\t\t\t\t\t                            <dd>Les Pr\u00e9s-d&rsquo;Orvin<\/dd>\n\t\t\t\t\t\t\t\t\t\t\t\t\t\t\t\t\t                            <dt>Date de naissance<\/dt>\n\t\t\t\t\t\t\n\t\t\t\t\t\t                            <dd>09.02.2004<\/dd>\n\t\t\t\t\t\t\t\t\t\t\t\t\t\t\t\t\t                            <dt>\u00c9tat civil<\/dt>\n\t\t\t\t\t\t\n\t\t\t\t\t\t                            <dd>C\u00e9libataire<\/dd>\n\t\t\t\t\t\t\t\t\t\t\t\t\t\t\t\t\t                            <dt>Fr\u00e8res et s\u0153urs<\/dt>\n\t\t\t\t\t\t\n\t\t\t\t\t\t                            <dd>2 fr\u00e8res (Matthieu, David)<\/dd>\n\t\t\t\t\t\t\t\t\t\t\t\t\t\t\t\t\t                            <dt>Taille (cm)<\/dt>\n\t\t\t\t\t\t\n\t\t\t\t\t\t                            <dd>185<\/dd>\n\t\t\t\t\t\t\t\t\t\t\t\t\t\t\t\t\t                            <dt>Poids (kg)<\/dt>\n\t\t\t\t\t\t\n\t\t\t\t\t\t                            <dd>102<\/dd>\n\t\t\t\t\t\t\t\t\t\t\t                <\/dl>\n            <\/div>\n\t\t            <div class=\"c-col-4 c-text-block c-text-small\">\n\t\t\t\t                <dl class=\"c-profile-list\">\n\t\t\t\t\t\t\t\t\t\t\t                            <dt>Pointure<\/dt>\n\t\t\t\t\t\t\n\t\t\t\t\t\t                            <dd>48<\/dd>\n\t\t\t\t\t\t\t\t\t\t\t\t\t\t\t\t\t                            <dt>Loisirs<\/dt>\n\t\t\t\t\t\t\n\t\t\t\t\t\t                            <dd>Ski, ski de fond, sport en g\u00e9n\u00e9ral<\/dd>\n\t\t\t\t\t\t\t\t\t\t\t\t\t\t\t\t\t                            <dt>Profession<\/dt>\n\t\t\t\t\t\t\n\t\t\t\t\t\t                            <dd>Agriculteur<\/dd>\n\t\t\t\t\t\t\t\t\t\t\t\t\t\t\t\t\t                            <dt>Plat pr\u00e9f\u00e9r\u00e9<\/dt>\n\t\t\t\t\t\t\n\t\t\t\t\t\t                            <dd>Lasagnes<\/dd>\n\t\t\t\t\t\t\t\t\t\t\t\t\t\t\t\t\t                            <dt>Boisson pr\u00e9f\u00e9r\u00e9e<\/dt>\n\t\t\t\t\t\t\n\t\t\t\t\t\t                            <dd>Th\u00e9 glac\u00e9<\/dd>\n\t\t\t\t\t\t\t\t\t\t\t\t\t\t\t\t\t                            <dt>Membre<\/dt>\n\t\t\t\t\t\t\n\t\t\t\t\t\t                            <dd>Club de lutte suisse de Bienne<\/dd>\n\t\t\t\t\t\t\t\t\t\t\t                <\/dl>\n            <\/div>\n\t\t            <div class=\"c-col-4 c-text-block c-text-small\">\n\t\t\t\t                <dl class=\"c-profile-list\">\n\t\t\t\t\t\t\t\t\t\t\t                            <dt>COURONNES F\u00c9D\u00c9RALES<\/dt>\n\t\t\t\t\t\t\n\t\t\t\t\t\t                            <dd>1<\/dd>\n\t\t\t\t\t\t\t\t\t\t\t\t\t\t\t\t\t                            <dt>Couronnes<\/dt>\n\t\t\t\t\t\t\n\t\t\t\t\t\t                            <dd>12<\/dd>\n\t\t\t\t\t\t\t\t\t\t\t                <\/dl>\n            <\/div>\n\t\t    <\/div>\n<\/div>\n\n\n<div class=\"c-container-medium  wp-block-acf-content-images c-img-2col \">\n    <div class=\"c-row\">\n\n\t\t\n<div class=\"c-col-6\">\n    <figure>\n\t    <img loading=\"lazy\" decoding=\"async\" width=\"1000\" height=\"667\" src=\"https:\/\/etienneburger.ch\/wp-content\/uploads\/sites\/11\/2026\/04\/img-heimishofen.jpg\" class=\"attachment-large size-large\" alt=\"Heimishofen\" srcset=\"https:\/\/etienneburger.ch\/wp-content\/uploads\/sites\/11\/2026\/04\/img-heimishofen.jpg 1000w, https:\/\/etienneburger.ch\/wp-content\/uploads\/sites\/11\/2026\/04\/img-heimishofen-600x400.jpg 600w, https:\/\/etienneburger.ch\/wp-content\/uploads\/sites\/11\/2026\/04\/img-heimishofen-768x512.jpg 768w\" sizes=\"auto, (max-width: 1000px) 100vw, 1000px\" \/>\n\t\t            <figcaption class=\"c-legend c-text-small\">\u00a9 Brigitte Gaggl<\/figcaption>\n\t\t    <\/figure>\n<\/div>\n<div class=\"c-col-6\">\n    <figure>\n\t    <img loading=\"lazy\" decoding=\"async\" width=\"1000\" height=\"667\" src=\"https:\/\/etienneburger.ch\/wp-content\/uploads\/sites\/11\/2024\/05\/img-small-1.jpg\" class=\"attachment-large size-large\" alt=\"\" srcset=\"https:\/\/etienneburger.ch\/wp-content\/uploads\/sites\/11\/2024\/05\/img-small-1.jpg 1000w, https:\/\/etienneburger.ch\/wp-content\/uploads\/sites\/11\/2024\/05\/img-small-1-600x400.jpg 600w, https:\/\/etienneburger.ch\/wp-content\/uploads\/sites\/11\/2024\/05\/img-small-1-768x512.jpg 768w\" sizes=\"auto, (max-width: 1000px) 100vw, 1000px\" \/>\n\t\t    <\/figure>\n<\/div>\n    <\/div>\n<\/div>\n\n\n<div class=\"c-container-medium  wp-block-acf-content-images c-img-wide \">\n    <div class=\"c-row\">\n\n\t\t\n<div class=\"c-col-12\">\n    <figure>\n\t    <img loading=\"lazy\" decoding=\"async\" width=\"1200\" height=\"800\" src=\"https:\/\/etienneburger.ch\/wp-content\/uploads\/sites\/11\/2024\/05\/img-wide-1-1200x800.jpg\" class=\"attachment-large size-large\" alt=\"\" srcset=\"https:\/\/etienneburger.ch\/wp-content\/uploads\/sites\/11\/2024\/05\/img-wide-1-1200x800.jpg 1200w, https:\/\/etienneburger.ch\/wp-content\/uploads\/sites\/11\/2024\/05\/img-wide-1-600x400.jpg 600w, https:\/\/etienneburger.ch\/wp-content\/uploads\/sites\/11\/2024\/05\/img-wide-1-768x512.jpg 768w, https:\/\/etienneburger.ch\/wp-content\/uploads\/sites\/11\/2024\/05\/img-wide-1-1536x1024.jpg 1536w, https:\/\/etienneburger.ch\/wp-content\/uploads\/sites\/11\/2024\/05\/img-wide-1.jpg 1800w\" sizes=\"auto, (max-width: 1200px) 100vw, 1200px\" \/>\n\t\t    <\/figure>\n<\/div>\n    <\/div>\n<\/div>\n\n\n<div class=\"c-container c-accordion  wp-block-acf-content-accordion\">\n    <div class=\"c-row\">\n        <div class=\"c-col-12\">\n\n\t\t\t\n<div class=\"c-accordion-container\">\n    <input class=\"c-accordion-check\" id=\"ac-1aa7dcfa-12de-4731-a166-533473269db3\" name=\"accordion-1aa7dcfa-12de-4731-a166-533473269db3\" type=\"checkbox\" checked>\n    <label class=\"c-accordion-title c-h3\" for=\"ac-1aa7dcfa-12de-4731-a166-533473269db3\">Pourquoi je pratique ce sport ? <\/label>\n    <div class=\"c-accordion-content\">\n        <div class=\"c-accordion-inner c-text-block\">\n\t\t\t<p>Ce sport de comp\u00e9tition attrayant m&rsquo;offre la possibilit\u00e9 de me d\u00e9passer et de tester mes limites personnelles. Je suis particuli\u00e8rement fascin\u00e9 par l&rsquo;esprit fair-play qui fait partie int\u00e9grante de la lutte suisse. Il ne s&rsquo;agit pas seulement de vaincre son adversaire, mais aussi de faire preuve de respect et d&rsquo;\u00e9quit\u00e9, tant pendant la comp\u00e9tition qu&rsquo;apr\u00e8s celle-ci. Ces valeurs sont tr\u00e8s importantes pour moi et influencent ma vision du sport et de la vie.<\/p>\n<p>C&rsquo;est mon fr\u00e8re Matthieu, lui-m\u00eame passionn\u00e9 de lutte suisse, qui m&rsquo;a donn\u00e9 envie de pratiquer ce sport. Sa passion m&rsquo;a contamin\u00e9 et m&rsquo;a motiv\u00e9 \u00e0 m&rsquo;y mettre moi-m\u00eame. Outre l&rsquo;aspect sportif, j&rsquo;appr\u00e9cie \u00e9galement la camaraderie et l&rsquo;esprit communautaire qui r\u00e8gnent dans ce sport et le caract\u00e9risent.<\/p>\n        <\/div>\n    <\/div>\n<\/div>\n<div class=\"c-accordion-container\">\n    <input class=\"c-accordion-check\" id=\"ac-b48c7af0-1953-4779-9348-23b9eb3f86d1\" name=\"accordion-b48c7af0-1953-4779-9348-23b9eb3f86d1\" type=\"checkbox\" >\n    <label class=\"c-accordion-title c-h3\" for=\"ac-b48c7af0-1953-4779-9348-23b9eb3f86d1\">Quels sont mes objectifs ?<\/label>\n    <div class=\"c-accordion-content\">\n        <div class=\"c-accordion-inner c-text-block\">\n\t\t\t<p>Je vise une victoire d&rsquo;une f\u00eate de lutte et l&rsquo;obtention de la couronne \u00e0 la F\u00eate cantonale bernoise de lutte. Rester en bonne sant\u00e9, travailler avec ardeur &#8211; et tout est possible !<\/p>\n        <\/div>\n    <\/div>\n<\/div>\n<div class=\"c-accordion-container\">\n    <input class=\"c-accordion-check\" id=\"ac-b7a64ac4-b5f6-40eb-a381-1c0a8ad686a4\" name=\"accordion-b7a64ac4-b5f6-40eb-a381-1c0a8ad686a4\" type=\"checkbox\" >\n    <label class=\"c-accordion-title c-h3\" for=\"ac-b7a64ac4-b5f6-40eb-a381-1c0a8ad686a4\">Qu&rsquo;est ce qui est le plus important dans la lutte ?<\/label>\n    <div class=\"c-accordion-content\">\n        <div class=\"c-accordion-inner c-text-block\">\n\t\t\t<p>La victoire \ud83d\ude09<\/p>\n        <\/div>\n    <\/div>\n<\/div>\n<div class=\"c-accordion-container\">\n    <input class=\"c-accordion-check\" id=\"ac-c1c305f4-4a93-44a5-98ed-54c5238b4376\" name=\"accordion-c1c305f4-4a93-44a5-98ed-54c5238b4376\" type=\"checkbox\" >\n    <label class=\"c-accordion-title c-h3\" for=\"ac-c1c305f4-4a93-44a5-98ed-54c5238b4376\">Y a-t-il un rituel qui doit toujours \u00eatre respect\u00e9 avant les comp\u00e9titions ?<\/label>\n    <div class=\"c-accordion-content\">\n        <div class=\"c-accordion-inner c-text-block\">\n\t\t\t<p>Non, rien de particulier pour l&rsquo;instant. Le plus important est de ne pas perdre sa concentration et de ne pas perdre de vue son objectif.<\/p>\n        <\/div>\n    <\/div>\n<\/div>\n        <\/div>\n    <\/div>\n<\/div>\n\n\n<div class=\"c-container-wide c-teaser-imgbg  wp-block-acf-general-teaser-wide\">\n\n\t<picture  class='c-teaser-imgbg-img' ><source srcset='https:\/\/etienneburger.ch\/wp-content\/uploads\/sites\/11\/2024\/04\/sport-teaser-1200x675.jpg 1200w, https:\/\/etienneburger.ch\/wp-content\/uploads\/sites\/11\/2024\/04\/sport-teaser-600x338.jpg 600w, https:\/\/etienneburger.ch\/wp-content\/uploads\/sites\/11\/2024\/04\/sport-teaser-768x432.jpg 768w, https:\/\/etienneburger.ch\/wp-content\/uploads\/sites\/11\/2024\/04\/sport-teaser-1536x864.jpg 1536w, https:\/\/etienneburger.ch\/wp-content\/uploads\/sites\/11\/2024\/04\/sport-teaser.jpg 2000w' media='(min-width: 600px)' \/><img decoding='async' src='https:\/\/etienneburger.ch\/wp-content\/uploads\/sites\/11\/2024\/04\/sport-teaser-mobile-300x300.jpg' srcset='https:\/\/etienneburger.ch\/wp-content\/uploads\/sites\/11\/2024\/04\/sport-teaser-mobile-386x600.jpg 386w, https:\/\/etienneburger.ch\/wp-content\/uploads\/sites\/11\/2024\/04\/sport-teaser-mobile-771x1200.jpg 771w, https:\/\/etienneburger.ch\/wp-content\/uploads\/sites\/11\/2024\/04\/sport-teaser-mobile-768x1195.jpg 768w, https:\/\/etienneburger.ch\/wp-content\/uploads\/sites\/11\/2024\/04\/sport-teaser-mobile.jpg 900w' alt='' \/><\/picture>    <span class=\"c-img-overlay\"><\/span>\n\n    <div class=\"c-container c-container-no-padding c-teaser-imgbg-text c-text-light\">\n        <div class=\"c-row c-row-align-center c-row-justify-right\">\n            <div class=\"c-col-6\">\n                <div class=\"c-box\">\n                    <div class=\"c-box-inner\">\n\t\t\t\t\t\t                            <span class=\"c-category-title\">Sport<\/span>\n\t\t\t\t\t\t\t\t\t\t\t\t                            <h2>Mes prochaines comp\u00e9titions<\/h2>\n\t\t\t\t\t\t\t\t\t\t\t\t                            <a class=\"c-btn\" href=\"https:\/\/etienneburger.ch\/fr\/sport\/\" target=\"\"><span>En savoir plus<\/span><\/a>\n\t\t\t\t\t\t                    <\/div>\n                <\/div>\n            <\/div>\n        <\/div>\n    <\/div>\n\n<\/div>","protected":false},"excerpt":{"rendered":"","protected":false},"author":2,"featured_media":0,"parent":0,"menu_order":0,"comment_status":"closed","ping_status":"closed","template":"","meta":{"_acf_changed":false,"footnotes":""},"class_list":["post-1106","page","type-page","status-publish","hentry"],"acf":[],"_links":{"self":[{"href":"https:\/\/etienneburger.ch\/fr\/wp-json\/wp\/v2\/pages\/1106","targetHints":{"allow":["GET"]}}],"collection":[{"href":"https:\/\/etienneburger.ch\/fr\/wp-json\/wp\/v2\/pages"}],"about":[{"href":"https:\/\/etienneburger.ch\/fr\/wp-json\/wp\/v2\/types\/page"}],"author":[{"embeddable":true,"href":"https:\/\/etienneburger.ch\/fr\/wp-json\/wp\/v2\/users\/2"}],"replies":[{"embeddable":true,"href":"https:\/\/etienneburger.ch\/fr\/wp-json\/wp\/v2\/comments?post=1106"}],"version-history":[{"count":14,"href":"https:\/\/etienneburger.ch\/fr\/wp-json\/wp\/v2\/pages\/1106\/revisions"}],"predecessor-version":[{"id":1380,"href":"https:\/\/etienneburger.ch\/fr\/wp-json\/wp\/v2\/pages\/1106\/revisions\/1380"}],"wp:attachment":[{"href":"https:\/\/etienneburger.ch\/fr\/wp-json\/wp\/v2\/media?parent=1106"}],"curies":[{"name":"wp","href":"https:\/\/api.w.org\/{rel}","templated":true}]}}